{"id":4112,"date":"2025-08-09T16:02:01","date_gmt":"2025-08-09T16:02:01","guid":{"rendered":"https:\/\/iwhcm.com\/iwhcm\/"},"modified":"2025-10-23T10:59:28","modified_gmt":"2025-10-23T10:59:28","slug":"iwhcm","status":"publish","type":"page","link":"http:\/\/iwhcm.com\/fr\/","title":{"rendered":"Accueil"},"content":{"rendered":"","protected":false},"excerpt":{"rendered":"","protected":false},"author":2,"featured_media":0,"parent":0,"menu_order":0,"comment_status":"closed","ping_status":"closed","template":"","meta":{"footnotes":""},"class_list":["post-4112","page","type-page","status-publish","hentry"],"yoast_head":"<!-- This site is optimized with the Yoast SEO plugin v27.5 - https:\/\/yoast.com\/product\/yoast-seo-wordpress\/ -->\n<title>IWHCM | Centro Internacional de la Salud en Madrid<\/title>\n<meta name=\"description\" content=\"Centro internacional de salud en Madrid centrado en su restauraci\u00f3n integral con servicios como la ginecolog\u00eda, fisioterapia o traumatolog\u00eda.\" \/>\n<meta name=\"robots\" content=\"index, follow, max-snippet:-1, max-image-preview:large, max-video-preview:-1\" \/>\n<link rel=\"canonical\" href=\"http:\/\/iwhcm.com\/fr\/\" \/>\n<meta property=\"og:locale\" content=\"fr_FR\" \/>\n<meta property=\"og:type\" content=\"article\" \/>\n<meta property=\"og:title\" content=\"IWHCM | Centro Internacional de la Salud en Madrid\" \/>\n<meta property=\"og:description\" content=\"Centro internacional de salud en Madrid centrado en su restauraci\u00f3n integral con servicios como la ginecolog\u00eda, fisioterapia o traumatolog\u00eda.\" \/>\n<meta property=\"og:url\" content=\"http:\/\/iwhcm.com\/fr\/\" \/>\n<meta property=\"og:site_name\" content=\"IWHCM\" \/>\n<meta property=\"article:modified_time\" content=\"2025-10-23T10:59:28+00:00\" \/>\n<meta name=\"twitter:card\" content=\"summary_large_image\" \/>\n<script type=\"application\/ld+json\" class=\"yoast-schema-graph\">{\"@context\":\"https:\\\/\\\/schema.org\",\"@graph\":[{\"@type\":\"WebPage\",\"@id\":\"http:\\\/\\\/iwhcm.com\\\/fr\\\/\",\"url\":\"http:\\\/\\\/iwhcm.com\\\/fr\\\/\",\"name\":\"IWHCM | Centro Internacional de la Salud en Madrid\",\"isPartOf\":{\"@id\":\"http:\\\/\\\/iwhcm.com\\\/fr\\\/#website\"},\"datePublished\":\"2025-08-09T16:02:01+00:00\",\"dateModified\":\"2025-10-23T10:59:28+00:00\",\"description\":\"Centro internacional de salud en Madrid centrado en su restauraci\u00f3n integral con servicios como la ginecolog\u00eda, fisioterapia o traumatolog\u00eda.\",\"breadcrumb\":{\"@id\":\"http:\\\/\\\/iwhcm.com\\\/fr\\\/#breadcrumb\"},\"inLanguage\":\"fr-FR\",\"potentialAction\":[{\"@type\":\"ReadAction\",\"target\":[\"http:\\\/\\\/iwhcm.com\\\/fr\\\/\"]}]},{\"@type\":\"BreadcrumbList\",\"@id\":\"http:\\\/\\\/iwhcm.com\\\/fr\\\/#breadcrumb\",\"itemListElement\":[{\"@type\":\"ListItem\",\"position\":1,\"name\":\"Portada\",\"item\":\"http:\\\/\\\/iwhcm.com\\\/fr\\\/\"},{\"@type\":\"ListItem\",\"position\":2,\"name\":\"Accueil\"}]},{\"@type\":\"WebSite\",\"@id\":\"http:\\\/\\\/iwhcm.com\\\/fr\\\/#website\",\"url\":\"http:\\\/\\\/iwhcm.com\\\/fr\\\/\",\"name\":\"IWHCM\",\"description\":\"Internacional Women&#039;s Health Center Madrid\",\"publisher\":{\"@id\":\"http:\\\/\\\/iwhcm.com\\\/fr\\\/#organization\"},\"potentialAction\":[{\"@type\":\"SearchAction\",\"target\":{\"@type\":\"EntryPoint\",\"urlTemplate\":\"http:\\\/\\\/iwhcm.com\\\/fr\\\/?s={search_term_string}\"},\"query-input\":{\"@type\":\"PropertyValueSpecification\",\"valueRequired\":true,\"valueName\":\"search_term_string\"}}],\"inLanguage\":\"fr-FR\"},{\"@type\":\"Organization\",\"@id\":\"http:\\\/\\\/iwhcm.com\\\/fr\\\/#organization\",\"name\":\"IWHCM\",\"url\":\"http:\\\/\\\/iwhcm.com\\\/fr\\\/\",\"logo\":{\"@type\":\"ImageObject\",\"inLanguage\":\"fr-FR\",\"@id\":\"http:\\\/\\\/iwhcm.com\\\/fr\\\/#\\\/schema\\\/logo\\\/image\\\/\",\"url\":\"http:\\\/\\\/iwhcm.com\\\/wp-content\\\/uploads\\\/2019\\\/07\\\/cropped-Circulo_IWHCM.jpg\",\"contentUrl\":\"http:\\\/\\\/iwhcm.com\\\/wp-content\\\/uploads\\\/2019\\\/07\\\/cropped-Circulo_IWHCM.jpg\",\"width\":150,\"height\":150,\"caption\":\"IWHCM\"},\"image\":{\"@id\":\"http:\\\/\\\/iwhcm.com\\\/fr\\\/#\\\/schema\\\/logo\\\/image\\\/\"}}]}<\/script>\n<!-- \/ Yoast SEO plugin. -->","yoast_head_json":{"title":"IWHCM | Centro Internacional de la Salud en Madrid","description":"Centro internacional de salud en Madrid centrado en su restauraci\u00f3n integral con servicios como la ginecolog\u00eda, fisioterapia o traumatolog\u00eda.","robots":{"index":"index","follow":"follow","max-snippet":"max-snippet:-1","max-image-preview":"max-image-preview:large","max-video-preview":"max-video-preview:-1"},"canonical":"http:\/\/iwhcm.com\/fr\/","og_locale":"fr_FR","og_type":"article","og_title":"IWHCM | Centro Internacional de la Salud en Madrid","og_description":"Centro internacional de salud en Madrid centrado en su restauraci\u00f3n integral con servicios como la ginecolog\u00eda, fisioterapia o traumatolog\u00eda.","og_url":"http:\/\/iwhcm.com\/fr\/","og_site_name":"IWHCM","article_modified_time":"2025-10-23T10:59:28+00:00","twitter_card":"summary_large_image","schema":{"@context":"https:\/\/schema.org","@graph":[{"@type":"WebPage","@id":"http:\/\/iwhcm.com\/fr\/","url":"http:\/\/iwhcm.com\/fr\/","name":"IWHCM | Centro Internacional de la Salud en Madrid","isPartOf":{"@id":"http:\/\/iwhcm.com\/fr\/#website"},"datePublished":"2025-08-09T16:02:01+00:00","dateModified":"2025-10-23T10:59:28+00:00","description":"Centro internacional de salud en Madrid centrado en su restauraci\u00f3n integral con servicios como la ginecolog\u00eda, fisioterapia o traumatolog\u00eda.","breadcrumb":{"@id":"http:\/\/iwhcm.com\/fr\/#breadcrumb"},"inLanguage":"fr-FR","potentialAction":[{"@type":"ReadAction","target":["http:\/\/iwhcm.com\/fr\/"]}]},{"@type":"BreadcrumbList","@id":"http:\/\/iwhcm.com\/fr\/#breadcrumb","itemListElement":[{"@type":"ListItem","position":1,"name":"Portada","item":"http:\/\/iwhcm.com\/fr\/"},{"@type":"ListItem","position":2,"name":"Accueil"}]},{"@type":"WebSite","@id":"http:\/\/iwhcm.com\/fr\/#website","url":"http:\/\/iwhcm.com\/fr\/","name":"IWHCM","description":"Internacional Women&#039;s Health Center Madrid","publisher":{"@id":"http:\/\/iwhcm.com\/fr\/#organization"},"potentialAction":[{"@type":"SearchAction","target":{"@type":"EntryPoint","urlTemplate":"http:\/\/iwhcm.com\/fr\/?s={search_term_string}"},"query-input":{"@type":"PropertyValueSpecification","valueRequired":true,"valueName":"search_term_string"}}],"inLanguage":"fr-FR"},{"@type":"Organization","@id":"http:\/\/iwhcm.com\/fr\/#organization","name":"IWHCM","url":"http:\/\/iwhcm.com\/fr\/","logo":{"@type":"ImageObject","inLanguage":"fr-FR","@id":"http:\/\/iwhcm.com\/fr\/#\/schema\/logo\/image\/","url":"http:\/\/iwhcm.com\/wp-content\/uploads\/2019\/07\/cropped-Circulo_IWHCM.jpg","contentUrl":"http:\/\/iwhcm.com\/wp-content\/uploads\/2019\/07\/cropped-Circulo_IWHCM.jpg","width":150,"height":150,"caption":"IWHCM"},"image":{"@id":"http:\/\/iwhcm.com\/fr\/#\/schema\/logo\/image\/"}}]}},"_links":{"self":[{"href":"http:\/\/iwhcm.com\/fr\/wp-json\/wp\/v2\/pages\/4112","targetHints":{"allow":["GET"]}}],"collection":[{"href":"http:\/\/iwhcm.com\/fr\/wp-json\/wp\/v2\/pages"}],"about":[{"href":"http:\/\/iwhcm.com\/fr\/wp-json\/wp\/v2\/types\/page"}],"author":[{"embeddable":true,"href":"http:\/\/iwhcm.com\/fr\/wp-json\/wp\/v2\/users\/2"}],"replies":[{"embeddable":true,"href":"http:\/\/iwhcm.com\/fr\/wp-json\/wp\/v2\/comments?post=4112"}],"version-history":[{"count":18,"href":"http:\/\/iwhcm.com\/fr\/wp-json\/wp\/v2\/pages\/4112\/revisions"}],"predecessor-version":[{"id":4730,"href":"http:\/\/iwhcm.com\/fr\/wp-json\/wp\/v2\/pages\/4112\/revisions\/4730"}],"wp:attachment":[{"href":"http:\/\/iwhcm.com\/fr\/wp-json\/wp\/v2\/media?parent=4112"}],"curies":[{"name":"wp","href":"https:\/\/api.w.org\/{rel}","templated":true}]}}