{"id":652,"date":"2019-05-07T11:20:50","date_gmt":"2019-05-07T11:20:50","guid":{"rendered":"http:\/\/iwhcm.com\/politica-de-cookies-y-privacidad\/"},"modified":"2025-04-25T12:14:16","modified_gmt":"2025-04-25T12:14:16","slug":"cookies-und-datenschutz","status":"publish","type":"page","link":"http:\/\/iwhcm.com\/de\/cookies-und-datenschutz\/","title":{"rendered":"Cookies und Datenschutzbestimmungen"},"content":{"rendered":"<h2>1. INFORMACI\u00d3N AL INTERESADO\/USUARIO<\/h2>\n<p>INTERNATIONAL WOMEN\u00b4S HEALTH CENTER MADRID, S.L., en adelante RESPONSABLE, es el Responsable del tratamiento de los datos personales del Usuario y le informa que estos datos ser\u00e1n tratados de conformidad con lo dispuesto tanto en la Ley Org\u00e1nica 3\/2018, de 5 de diciembre, de Protecci\u00f3n de Datos Personales y garant\u00eda de los derechos digitales, como en el Reglamento (UE) 2016\/679 de 27 de abril de 2016 (RGPD) relativo a la protecci\u00f3n de las personas f\u00edsicas en lo que respecta al tratamiento de datos personales y a la libre circulaci\u00f3n de estos datos, por lo que se le facilita la siguiente informaci\u00f3n del tratamiento:<\/p>\n<p>Responsabilidad del tratamiento de sus datos: Los datos identificativos del RESPONSABLE son los siguientes,<\/p>\n<p>INTERNATIONAL WOMEN\u00b4S HEALTH CENTER MADRID, S.L., con CIF B86790227, con domicilio en Madrid, Serrano, 98 &#8211; 28006 Madrid (Madrid)<\/p>\n<p>Datos de contacto del Delegado de Protecci\u00f3n de Datos (DPO): proteccion.datos@afa.es<\/p>\n<p>Finalidad del tratamiento: Los datos personales que sean facilitados por los usuarios de la presente p\u00e1gina web ser\u00e1n tratados por el RESPONSABLE en funci\u00f3n de la tipolog\u00eda de datos que sean facilitados por el usuario, as\u00ed como en funci\u00f3n de las interacciones que el usuario entable con el RESPONSABLE a trav\u00e9s de la p\u00e1gina web. En concreto, ser\u00e1 aquella que corresponda al formulario en el que se incluyan los datos facilitados por el interesado\/usuario. De forma esencial, para poder prestar una adecuada asistencia sanitaria y mantener una relaci\u00f3n profesional con el interesado\/usuario. Las operaciones previstas para realizar el tratamiento son:<\/p>\n<ul>\n<li>Solicitud de citas a trav\u00e9s de una plataforma externa integrada en la web.<\/li>\n<li>Suscripci\u00f3n a la Newsletter<\/li>\n<li>Contacto y gesti\u00f3n de los usuarios del Sitio web, que ser\u00e1n tratados con la finalidad de gestionar dicho contacto, atender las solicitudes remitidas mediante los canales de contacto y, en su caso, prestar los servicios requeridos por el usuario.<\/li>\n<li>Gesti\u00f3n de citas a trav\u00e9s de correo electr\u00f3nico, sms y\/o servicios an\u00e1logos (mensajer\u00eda instant\u00e1nea).<\/li>\n<li>Remisi\u00f3n de informaci\u00f3n de utilidad asistencial y ofrecimiento de servicios sanitarios tambi\u00e9n por correo electr\u00f3nico, sms y\/o servicios an\u00e1logos (mensajer\u00eda instant\u00e1nea). Estas comunicaciones ser\u00e1n realizadas por el RESPONSABLE y relacionadas sobre sus servicios, o de sus colaboradores o proveedores con los que \u00e9ste haya alcanzado alg\u00fan acuerdo de promoci\u00f3n. En este caso, los terceros nunca tendr\u00e1n acceso a los datos personales.<\/li>\n<li>Realizar estudios estad\u00edsticos.<\/li>\n<li>Tramitar citas, encargos, solicitudes o cualquier tipo de petici\u00f3n que sea realizada por el usuario a trav\u00e9s de cualquiera de las formas de contacto que se ponen a su disposici\u00f3n.<\/li>\n<li>Finalidades derivadas de la prestaci\u00f3n de la asistencia sanitaria (incluyendo, entre otras, gesti\u00f3n administrativa y de facturaci\u00f3n).<\/li>\n<\/ul>\n<p>En el caso de env\u00edos de curriculum vitae, le informamos que sus datos ser\u00e1n tratados con la finalidad de gestionar su candidatura en procesos de selecci\u00f3n de personal.<\/p>\n<p>As\u00ed mismo, le informamos que en caso de no cumplir con las deudas contra\u00eddas con el RESPONSABLE en la forma y plazo correspondientes, sus datos personales podr\u00e1n ser inscritos en un fichero de morosos de una entidad prestadora de servicios de solvencia patrimonial y cr\u00e9dito.<\/p>\n<p>Base jur\u00eddica del tratamiento: Para poder prestar una adecuada asistencia sanitaria. En todo caso el tratamiento de datos para la finalidad principal se hace en aras de la prevenci\u00f3n y el diagn\u00f3stico m\u00e9dico, la realizaci\u00f3n de tratamientos m\u00e9dicos y\/o la gesti\u00f3n de servicios sanitarios, encontr\u00e1ndose todos nuestros profesionales obligados al secreto profesional.<\/p>\n<p>La Ley 41\/2002, de 14 de noviembre, b\u00e1sica reguladora de la autonom\u00eda del paciente y de derechos y obligaciones en materia de informaci\u00f3n y documentaci\u00f3n cl\u00ednica, es la que, de forma principal, fundamenta el tratamiento previsto.<\/p>\n<p>Con consentimiento expreso, ofrecimiento de servicios del RESPONSABLE que pudieran ser de inter\u00e9s del interesado. Dichos servicios se circunscriben \u00fanicamente al \u00e1mbito propio que se haya consentido y en todo caso relacionado con el sector sanitario.<\/p>\n<p>Criterios de conservaci\u00f3n de los datos: Los datos se conservar\u00e1n de acuerdo con lo establecido en la normativa sanitaria de aplicaci\u00f3n, especialmente, la referida Ley 41\/2002, de 14 de noviembre. En todo caso, se conservar\u00e1n mientras exista un inter\u00e9s mutuo para mantener el fin del tratamiento y cuando ya no sea necesario para tal fin, se suprimir\u00e1n con medidas de seguridad adecuadas para garantizar la seudonimizaci\u00f3n de los datos o la destrucci\u00f3n total de los mismos.<\/p>\n<p>Comunicaci\u00f3n de los datos: No se comunicar\u00e1n los datos a terceros, salvo obligaci\u00f3n legal, o excepto cuando exista consentimiento expl\u00edcito del interesado\/usuario para el\/los fin\/es especificado\/s.<\/p>\n<p>Derechos que asisten al interesado o usuario:<\/p>\n<ul>\n<li>Derecho a retirar el consentimiento en cualquier momento.<\/li>\n<li>Derecho de acceso, rectificaci\u00f3n, portabilidad y supresi\u00f3n de sus datos y a la limitaci\u00f3n u oposici\u00f3n al su tratamiento.<\/li>\n<li>Derecho a presentar una reclamaci\u00f3n ante la autoridad de control (www.aepd.es) si considera que el tratamiento no se ajusta a la normativa vigente.<\/li>\n<\/ul>\n<p>Datos de contacto para ejercer sus derechos:<\/p>\n<p>Direcci\u00f3n postal: Serrano, 98 &#8211; 28006 Madrid (Madrid). Email: info@iwhcm.com.<\/p>\n<p>Email: info@iwhcm.com<\/p>\n<p>Datos de contacto del DPO: proteccion.datos@afa.es<\/p>\n<p>Para ejercer los derechos el interesado\/usuario deber\u00e1 acompa\u00f1ar a su solicitud una copia de su DNI o documento equivalente acreditativo de su identidad. Se le podr\u00e1 solicitar documentaci\u00f3n adicional en el caso de que la solicitud se realice para un menor de edad o incapaz, por representaci\u00f3n o con respecto a una persona fallecida.<\/p>\n<p>Adicionalmente, el interesado\/usuario tendr\u00e1 derecho a presentar una reclamaci\u00f3n ante la Agencia Espa\u00f1ola de Protecci\u00f3n de Datos (www.agpd.es) si considera que el tratamiento no se ajusta a la normativa vigente.<\/p>\n<h2>2. CAR\u00c1CTER OBLIGATORIO O FACULTATIVO DE LA INFORMACI\u00d3N FACILITADA POR EL INTERESADO\/USUARIO<\/h2>\n<p>Los interesados\/usuarios, mediante la marcaci\u00f3n de las casillas correspondientes y entrada de datos en los campos, marcados con un asterisco (*) en el formulario de contacto o presentados en formularios de descarga, aceptan expresamente y de forma libre e inequ\u00edvoca, que sus datos son necesarios para atender su petici\u00f3n, por parte del prestador, siendo voluntaria la inclusi\u00f3n de datos en los campos restantes. El interesado\/usuario garantiza que los datos personales facilitados al RESPONSABLE son veraces y se hace responsable de comunicar cualquier modificaci\u00f3n de los mismos.<\/p>\n<p>El RESPONSABLE informa y garantiza expresamente a los interesados\/usuarios que sus datos personales no ser\u00e1n cedidos en ning\u00fan caso a terceros, y que siempre que realizara alg\u00fan tipo de cesi\u00f3n de datos personales, se pedir\u00e1 previamente el consentimiento expreso, informado e inequ\u00edvoco por parte de los interesados\/usuarios. Todos los datos solicitados a trav\u00e9s del sitio web son obligatorios, ya que son necesarios para la prestaci\u00f3n de un servicio \u00f3ptimo al interesado\/usuario. En caso de que no sean facilitados todos los datos, no se garantiza que la informaci\u00f3n y servicios facilitados sean completamente ajustados a sus necesidades.<\/p>\n<h2>3. MEDIDAS DE SEGURIDAD<\/h2>\n<p>Que de conformidad con lo dispuesto en las normativas vigentes en protecci\u00f3n de datos personales, el RESPONSABLE est\u00e1 cumpliendo con todas las disposiciones de las normativas GDPR para el tratamiento de los datos personales de su responsabilidad, y manifiestamente con los principios descritos en el art\u00edculo 5 del RGPD, por los cuales son tratados de manera l\u00edcita, leal y transparente en relaci\u00f3n con el interesado y adecuados, pertinentes y limitados a lo necesario en relaci\u00f3n con los fines para los que son tratados.<\/p>\n<p>El RESPONSABLE garantiza que ha implementado pol\u00edticas t\u00e9cnicas y organizativas apropiadas para aplicar las medidas de seguridad que establecen el GDPR con el fin de proteger los derechos y libertades de los Usuarios y les ha comunicado la informaci\u00f3n adecuada para que puedan ejercerlos.<\/p>\n","protected":false},"excerpt":{"rendered":"<p>1. INFORMACI\u00d3N AL INTERESADO\/USUARIO INTERNATIONAL WOMEN\u00b4S HEALTH CENTER MADRID, S.L., en adelante RESPONSABLE, es el Responsable del tratamiento de los datos personales del Usuario y le informa que estos datos ser\u00e1n tratados de conformidad con lo dispuesto tanto en la Ley Org\u00e1nica 3\/2018, de 5 de diciembre, de Protecci\u00f3n de Datos Personales y garant\u00eda de [&hellip;]<\/p>\n","protected":false},"author":2,"featured_media":0,"parent":0,"menu_order":0,"comment_status":"closed","ping_status":"closed","template":"","meta":{"footnotes":""},"class_list":["post-652","page","type-page","status-publish","hentry"],"yoast_head":"<!-- This site is optimized with the Yoast SEO plugin v27.5 - https:\/\/yoast.com\/product\/yoast-seo-wordpress\/ -->\n<title>Cookies und Datenschutzbestimmungen - IWHCM<\/title>\n<meta name=\"robots\" content=\"index, follow, max-snippet:-1, max-image-preview:large, max-video-preview:-1\" \/>\n<link rel=\"canonical\" href=\"http:\/\/iwhcm.com\/de\/cookies-und-datenschutz\/\" \/>\n<meta property=\"og:locale\" content=\"de_DE\" \/>\n<meta property=\"og:type\" content=\"article\" \/>\n<meta property=\"og:title\" content=\"Cookies und Datenschutzbestimmungen - IWHCM\" \/>\n<meta property=\"og:description\" content=\"1. INFORMACI\u00d3N AL INTERESADO\/USUARIO INTERNATIONAL WOMEN\u00b4S HEALTH CENTER MADRID, S.L., en adelante RESPONSABLE, es el Responsable del tratamiento de los datos personales del Usuario y le informa que estos datos ser\u00e1n tratados de conformidad con lo dispuesto tanto en la Ley Org\u00e1nica 3\/2018, de 5 de diciembre, de Protecci\u00f3n de Datos Personales y garant\u00eda de [&hellip;]\" \/>\n<meta property=\"og:url\" content=\"http:\/\/iwhcm.com\/de\/cookies-und-datenschutz\/\" \/>\n<meta property=\"og:site_name\" content=\"IWHCM\" \/>\n<meta property=\"article:modified_time\" content=\"2025-04-25T12:14:16+00:00\" \/>\n<meta name=\"twitter:card\" content=\"summary_large_image\" \/>\n<meta name=\"twitter:label1\" content=\"Gesch\u00e4tzte Lesezeit\" \/>\n\t<meta name=\"twitter:data1\" content=\"6\u00a0Minuten\" \/>\n<script type=\"application\/ld+json\" class=\"yoast-schema-graph\">{\"@context\":\"https:\\\/\\\/schema.org\",\"@graph\":[{\"@type\":\"WebPage\",\"@id\":\"http:\\\/\\\/iwhcm.com\\\/de\\\/cookies-und-datenschutz\\\/\",\"url\":\"http:\\\/\\\/iwhcm.com\\\/de\\\/cookies-und-datenschutz\\\/\",\"name\":\"Cookies und Datenschutzbestimmungen - IWHCM\",\"isPartOf\":{\"@id\":\"https:\\\/\\\/iwhcm.com\\\/de\\\/#website\"},\"datePublished\":\"2019-05-07T11:20:50+00:00\",\"dateModified\":\"2025-04-25T12:14:16+00:00\",\"breadcrumb\":{\"@id\":\"http:\\\/\\\/iwhcm.com\\\/de\\\/cookies-und-datenschutz\\\/#breadcrumb\"},\"inLanguage\":\"de\",\"potentialAction\":[{\"@type\":\"ReadAction\",\"target\":[\"http:\\\/\\\/iwhcm.com\\\/de\\\/cookies-und-datenschutz\\\/\"]}]},{\"@type\":\"BreadcrumbList\",\"@id\":\"http:\\\/\\\/iwhcm.com\\\/de\\\/cookies-und-datenschutz\\\/#breadcrumb\",\"itemListElement\":[{\"@type\":\"ListItem\",\"position\":1,\"name\":\"Portada\",\"item\":\"https:\\\/\\\/iwhcm.com\\\/de\\\/\"},{\"@type\":\"ListItem\",\"position\":2,\"name\":\"Cookies und Datenschutzbestimmungen\"}]},{\"@type\":\"WebSite\",\"@id\":\"https:\\\/\\\/iwhcm.com\\\/de\\\/#website\",\"url\":\"https:\\\/\\\/iwhcm.com\\\/de\\\/\",\"name\":\"IWHCM\",\"description\":\"Internacional Women&#039;s Health Center Madrid\",\"publisher\":{\"@id\":\"https:\\\/\\\/iwhcm.com\\\/de\\\/#organization\"},\"potentialAction\":[{\"@type\":\"SearchAction\",\"target\":{\"@type\":\"EntryPoint\",\"urlTemplate\":\"https:\\\/\\\/iwhcm.com\\\/de\\\/?s={search_term_string}\"},\"query-input\":{\"@type\":\"PropertyValueSpecification\",\"valueRequired\":true,\"valueName\":\"search_term_string\"}}],\"inLanguage\":\"de\"},{\"@type\":\"Organization\",\"@id\":\"https:\\\/\\\/iwhcm.com\\\/de\\\/#organization\",\"name\":\"IWHCM\",\"url\":\"https:\\\/\\\/iwhcm.com\\\/de\\\/\",\"logo\":{\"@type\":\"ImageObject\",\"inLanguage\":\"de\",\"@id\":\"https:\\\/\\\/iwhcm.com\\\/de\\\/#\\\/schema\\\/logo\\\/image\\\/\",\"url\":\"http:\\\/\\\/iwhcm.com\\\/wp-content\\\/uploads\\\/2019\\\/07\\\/cropped-Circulo_IWHCM.jpg\",\"contentUrl\":\"http:\\\/\\\/iwhcm.com\\\/wp-content\\\/uploads\\\/2019\\\/07\\\/cropped-Circulo_IWHCM.jpg\",\"width\":150,\"height\":150,\"caption\":\"IWHCM\"},\"image\":{\"@id\":\"https:\\\/\\\/iwhcm.com\\\/de\\\/#\\\/schema\\\/logo\\\/image\\\/\"}}]}<\/script>\n<!-- \/ Yoast SEO plugin. -->","yoast_head_json":{"title":"Cookies und Datenschutzbestimmungen - IWHCM","robots":{"index":"index","follow":"follow","max-snippet":"max-snippet:-1","max-image-preview":"max-image-preview:large","max-video-preview":"max-video-preview:-1"},"canonical":"http:\/\/iwhcm.com\/de\/cookies-und-datenschutz\/","og_locale":"de_DE","og_type":"article","og_title":"Cookies und Datenschutzbestimmungen - IWHCM","og_description":"1. INFORMACI\u00d3N AL INTERESADO\/USUARIO INTERNATIONAL WOMEN\u00b4S HEALTH CENTER MADRID, S.L., en adelante RESPONSABLE, es el Responsable del tratamiento de los datos personales del Usuario y le informa que estos datos ser\u00e1n tratados de conformidad con lo dispuesto tanto en la Ley Org\u00e1nica 3\/2018, de 5 de diciembre, de Protecci\u00f3n de Datos Personales y garant\u00eda de [&hellip;]","og_url":"http:\/\/iwhcm.com\/de\/cookies-und-datenschutz\/","og_site_name":"IWHCM","article_modified_time":"2025-04-25T12:14:16+00:00","twitter_card":"summary_large_image","twitter_misc":{"Gesch\u00e4tzte Lesezeit":"6\u00a0Minuten"},"schema":{"@context":"https:\/\/schema.org","@graph":[{"@type":"WebPage","@id":"http:\/\/iwhcm.com\/de\/cookies-und-datenschutz\/","url":"http:\/\/iwhcm.com\/de\/cookies-und-datenschutz\/","name":"Cookies und Datenschutzbestimmungen - IWHCM","isPartOf":{"@id":"https:\/\/iwhcm.com\/de\/#website"},"datePublished":"2019-05-07T11:20:50+00:00","dateModified":"2025-04-25T12:14:16+00:00","breadcrumb":{"@id":"http:\/\/iwhcm.com\/de\/cookies-und-datenschutz\/#breadcrumb"},"inLanguage":"de","potentialAction":[{"@type":"ReadAction","target":["http:\/\/iwhcm.com\/de\/cookies-und-datenschutz\/"]}]},{"@type":"BreadcrumbList","@id":"http:\/\/iwhcm.com\/de\/cookies-und-datenschutz\/#breadcrumb","itemListElement":[{"@type":"ListItem","position":1,"name":"Portada","item":"https:\/\/iwhcm.com\/de\/"},{"@type":"ListItem","position":2,"name":"Cookies und Datenschutzbestimmungen"}]},{"@type":"WebSite","@id":"https:\/\/iwhcm.com\/de\/#website","url":"https:\/\/iwhcm.com\/de\/","name":"IWHCM","description":"Internacional Women&#039;s Health Center Madrid","publisher":{"@id":"https:\/\/iwhcm.com\/de\/#organization"},"potentialAction":[{"@type":"SearchAction","target":{"@type":"EntryPoint","urlTemplate":"https:\/\/iwhcm.com\/de\/?s={search_term_string}"},"query-input":{"@type":"PropertyValueSpecification","valueRequired":true,"valueName":"search_term_string"}}],"inLanguage":"de"},{"@type":"Organization","@id":"https:\/\/iwhcm.com\/de\/#organization","name":"IWHCM","url":"https:\/\/iwhcm.com\/de\/","logo":{"@type":"ImageObject","inLanguage":"de","@id":"https:\/\/iwhcm.com\/de\/#\/schema\/logo\/image\/","url":"http:\/\/iwhcm.com\/wp-content\/uploads\/2019\/07\/cropped-Circulo_IWHCM.jpg","contentUrl":"http:\/\/iwhcm.com\/wp-content\/uploads\/2019\/07\/cropped-Circulo_IWHCM.jpg","width":150,"height":150,"caption":"IWHCM"},"image":{"@id":"https:\/\/iwhcm.com\/de\/#\/schema\/logo\/image\/"}}]}},"_links":{"self":[{"href":"http:\/\/iwhcm.com\/de\/wp-json\/wp\/v2\/pages\/652","targetHints":{"allow":["GET"]}}],"collection":[{"href":"http:\/\/iwhcm.com\/de\/wp-json\/wp\/v2\/pages"}],"about":[{"href":"http:\/\/iwhcm.com\/de\/wp-json\/wp\/v2\/types\/page"}],"author":[{"embeddable":true,"href":"http:\/\/iwhcm.com\/de\/wp-json\/wp\/v2\/users\/2"}],"replies":[{"embeddable":true,"href":"http:\/\/iwhcm.com\/de\/wp-json\/wp\/v2\/comments?post=652"}],"version-history":[{"count":3,"href":"http:\/\/iwhcm.com\/de\/wp-json\/wp\/v2\/pages\/652\/revisions"}],"predecessor-version":[{"id":3065,"href":"http:\/\/iwhcm.com\/de\/wp-json\/wp\/v2\/pages\/652\/revisions\/3065"}],"wp:attachment":[{"href":"http:\/\/iwhcm.com\/de\/wp-json\/wp\/v2\/media?parent=652"}],"curies":[{"name":"wp","href":"https:\/\/api.w.org\/{rel}","templated":true}]}}