{"id":582,"date":"2019-04-09T14:48:15","date_gmt":"2019-04-09T14:48:15","guid":{"rendered":"http:\/\/iwhcm.com\/cita-online\/"},"modified":"2025-04-25T12:11:59","modified_gmt":"2025-04-25T12:11:59","slug":"termin-vereinbaren","status":"publish","type":"page","link":"http:\/\/iwhcm.com\/de\/termin-vereinbaren\/","title":{"rendered":"Termin Vereinbaren"},"content":{"rendered":"","protected":false},"excerpt":{"rendered":"","protected":false},"author":2,"featured_media":0,"parent":0,"menu_order":0,"comment_status":"closed","ping_status":"closed","template":"page-citaOnline.php","meta":{"footnotes":""},"class_list":["post-582","page","type-page","status-publish","hentry"],"yoast_head":"<!-- This site is optimized with the Yoast SEO plugin v27.4 - https:\/\/yoast.com\/product\/yoast-seo-wordpress\/ -->\n<title>Online Terminvergabe | IWHCM<\/title>\n<meta name=\"description\" content=\"Falls Sie einen Termin im IWHCM buchen, \u00e4ndern oder stornieren m\u00f6chten, k\u00f6nnen Sie das direkt \u00fcber unsere Website tun.\" \/>\n<meta name=\"robots\" content=\"index, follow, max-snippet:-1, max-image-preview:large, max-video-preview:-1\" \/>\n<link rel=\"canonical\" href=\"http:\/\/iwhcm.com\/de\/termin-vereinbaren\/\" \/>\n<meta property=\"og:locale\" content=\"de_DE\" \/>\n<meta property=\"og:type\" content=\"article\" \/>\n<meta property=\"og:title\" content=\"Online Terminvergabe | IWHCM\" \/>\n<meta property=\"og:description\" content=\"Falls Sie einen Termin im IWHCM buchen, \u00e4ndern oder stornieren m\u00f6chten, k\u00f6nnen Sie das direkt \u00fcber unsere Website tun.\" \/>\n<meta property=\"og:url\" content=\"http:\/\/iwhcm.com\/de\/termin-vereinbaren\/\" \/>\n<meta property=\"og:site_name\" content=\"IWHCM\" \/>\n<meta property=\"article:modified_time\" content=\"2025-04-25T12:11:59+00:00\" \/>\n<meta name=\"twitter:card\" content=\"summary_large_image\" \/>\n<script type=\"application\/ld+json\" class=\"yoast-schema-graph\">{\"@context\":\"https:\\\/\\\/schema.org\",\"@graph\":[{\"@type\":\"WebPage\",\"@id\":\"http:\\\/\\\/iwhcm.com\\\/de\\\/termin-vereinbaren\\\/\",\"url\":\"http:\\\/\\\/iwhcm.com\\\/de\\\/termin-vereinbaren\\\/\",\"name\":\"Online Terminvergabe | IWHCM\",\"isPartOf\":{\"@id\":\"http:\\\/\\\/iwhcm.com\\\/de\\\/#website\"},\"datePublished\":\"2019-04-09T14:48:15+00:00\",\"dateModified\":\"2025-04-25T12:11:59+00:00\",\"description\":\"Falls Sie einen Termin im IWHCM buchen, \u00e4ndern oder stornieren m\u00f6chten, k\u00f6nnen Sie das direkt \u00fcber unsere Website tun.\",\"breadcrumb\":{\"@id\":\"http:\\\/\\\/iwhcm.com\\\/de\\\/termin-vereinbaren\\\/#breadcrumb\"},\"inLanguage\":\"de\",\"potentialAction\":[{\"@type\":\"ReadAction\",\"target\":[\"http:\\\/\\\/iwhcm.com\\\/de\\\/termin-vereinbaren\\\/\"]}]},{\"@type\":\"BreadcrumbList\",\"@id\":\"http:\\\/\\\/iwhcm.com\\\/de\\\/termin-vereinbaren\\\/#breadcrumb\",\"itemListElement\":[{\"@type\":\"ListItem\",\"position\":1,\"name\":\"Portada\",\"item\":\"https:\\\/\\\/iwhcm.com\\\/de\\\/\"},{\"@type\":\"ListItem\",\"position\":2,\"name\":\"Termin Vereinbaren\"}]},{\"@type\":\"WebSite\",\"@id\":\"http:\\\/\\\/iwhcm.com\\\/de\\\/#website\",\"url\":\"http:\\\/\\\/iwhcm.com\\\/de\\\/\",\"name\":\"IWHCM\",\"description\":\"Internacional Women&#039;s Health Center Madrid\",\"publisher\":{\"@id\":\"http:\\\/\\\/iwhcm.com\\\/de\\\/#organization\"},\"potentialAction\":[{\"@type\":\"SearchAction\",\"target\":{\"@type\":\"EntryPoint\",\"urlTemplate\":\"http:\\\/\\\/iwhcm.com\\\/de\\\/?s={search_term_string}\"},\"query-input\":{\"@type\":\"PropertyValueSpecification\",\"valueRequired\":true,\"valueName\":\"search_term_string\"}}],\"inLanguage\":\"de\"},{\"@type\":\"Organization\",\"@id\":\"http:\\\/\\\/iwhcm.com\\\/de\\\/#organization\",\"name\":\"IWHCM\",\"url\":\"http:\\\/\\\/iwhcm.com\\\/de\\\/\",\"logo\":{\"@type\":\"ImageObject\",\"inLanguage\":\"de\",\"@id\":\"http:\\\/\\\/iwhcm.com\\\/de\\\/#\\\/schema\\\/logo\\\/image\\\/\",\"url\":\"http:\\\/\\\/iwhcm.com\\\/wp-content\\\/uploads\\\/2019\\\/07\\\/cropped-Circulo_IWHCM.jpg\",\"contentUrl\":\"http:\\\/\\\/iwhcm.com\\\/wp-content\\\/uploads\\\/2019\\\/07\\\/cropped-Circulo_IWHCM.jpg\",\"width\":150,\"height\":150,\"caption\":\"IWHCM\"},\"image\":{\"@id\":\"http:\\\/\\\/iwhcm.com\\\/de\\\/#\\\/schema\\\/logo\\\/image\\\/\"}}]}<\/script>\n<!-- \/ Yoast SEO plugin. -->","yoast_head_json":{"title":"Online Terminvergabe | IWHCM","description":"Falls Sie einen Termin im IWHCM buchen, \u00e4ndern oder stornieren m\u00f6chten, k\u00f6nnen Sie das direkt \u00fcber unsere Website tun.","robots":{"index":"index","follow":"follow","max-snippet":"max-snippet:-1","max-image-preview":"max-image-preview:large","max-video-preview":"max-video-preview:-1"},"canonical":"http:\/\/iwhcm.com\/de\/termin-vereinbaren\/","og_locale":"de_DE","og_type":"article","og_title":"Online Terminvergabe | IWHCM","og_description":"Falls Sie einen Termin im IWHCM buchen, \u00e4ndern oder stornieren m\u00f6chten, k\u00f6nnen Sie das direkt \u00fcber unsere Website tun.","og_url":"http:\/\/iwhcm.com\/de\/termin-vereinbaren\/","og_site_name":"IWHCM","article_modified_time":"2025-04-25T12:11:59+00:00","twitter_card":"summary_large_image","schema":{"@context":"https:\/\/schema.org","@graph":[{"@type":"WebPage","@id":"http:\/\/iwhcm.com\/de\/termin-vereinbaren\/","url":"http:\/\/iwhcm.com\/de\/termin-vereinbaren\/","name":"Online Terminvergabe | IWHCM","isPartOf":{"@id":"http:\/\/iwhcm.com\/de\/#website"},"datePublished":"2019-04-09T14:48:15+00:00","dateModified":"2025-04-25T12:11:59+00:00","description":"Falls Sie einen Termin im IWHCM buchen, \u00e4ndern oder stornieren m\u00f6chten, k\u00f6nnen Sie das direkt \u00fcber unsere Website tun.","breadcrumb":{"@id":"http:\/\/iwhcm.com\/de\/termin-vereinbaren\/#breadcrumb"},"inLanguage":"de","potentialAction":[{"@type":"ReadAction","target":["http:\/\/iwhcm.com\/de\/termin-vereinbaren\/"]}]},{"@type":"BreadcrumbList","@id":"http:\/\/iwhcm.com\/de\/termin-vereinbaren\/#breadcrumb","itemListElement":[{"@type":"ListItem","position":1,"name":"Portada","item":"https:\/\/iwhcm.com\/de\/"},{"@type":"ListItem","position":2,"name":"Termin Vereinbaren"}]},{"@type":"WebSite","@id":"http:\/\/iwhcm.com\/de\/#website","url":"http:\/\/iwhcm.com\/de\/","name":"IWHCM","description":"Internacional Women&#039;s Health Center Madrid","publisher":{"@id":"http:\/\/iwhcm.com\/de\/#organization"},"potentialAction":[{"@type":"SearchAction","target":{"@type":"EntryPoint","urlTemplate":"http:\/\/iwhcm.com\/de\/?s={search_term_string}"},"query-input":{"@type":"PropertyValueSpecification","valueRequired":true,"valueName":"search_term_string"}}],"inLanguage":"de"},{"@type":"Organization","@id":"http:\/\/iwhcm.com\/de\/#organization","name":"IWHCM","url":"http:\/\/iwhcm.com\/de\/","logo":{"@type":"ImageObject","inLanguage":"de","@id":"http:\/\/iwhcm.com\/de\/#\/schema\/logo\/image\/","url":"http:\/\/iwhcm.com\/wp-content\/uploads\/2019\/07\/cropped-Circulo_IWHCM.jpg","contentUrl":"http:\/\/iwhcm.com\/wp-content\/uploads\/2019\/07\/cropped-Circulo_IWHCM.jpg","width":150,"height":150,"caption":"IWHCM"},"image":{"@id":"http:\/\/iwhcm.com\/de\/#\/schema\/logo\/image\/"}}]}},"_links":{"self":[{"href":"http:\/\/iwhcm.com\/de\/wp-json\/wp\/v2\/pages\/582","targetHints":{"allow":["GET"]}}],"collection":[{"href":"http:\/\/iwhcm.com\/de\/wp-json\/wp\/v2\/pages"}],"about":[{"href":"http:\/\/iwhcm.com\/de\/wp-json\/wp\/v2\/types\/page"}],"author":[{"embeddable":true,"href":"http:\/\/iwhcm.com\/de\/wp-json\/wp\/v2\/users\/2"}],"replies":[{"embeddable":true,"href":"http:\/\/iwhcm.com\/de\/wp-json\/wp\/v2\/comments?post=582"}],"version-history":[{"count":3,"href":"http:\/\/iwhcm.com\/de\/wp-json\/wp\/v2\/pages\/582\/revisions"}],"predecessor-version":[{"id":3063,"href":"http:\/\/iwhcm.com\/de\/wp-json\/wp\/v2\/pages\/582\/revisions\/3063"}],"wp:attachment":[{"href":"http:\/\/iwhcm.com\/de\/wp-json\/wp\/v2\/media?parent=582"}],"curies":[{"name":"wp","href":"https:\/\/api.w.org\/{rel}","templated":true}]}}